{"id":757,"date":"2025-11-20T23:20:33","date_gmt":"2025-11-20T20:20:33","guid":{"rendered":"https:\/\/psihanalitic.ro\/?page_id=757"},"modified":"2025-11-21T00:27:06","modified_gmt":"2025-11-20T21:27:06","slug":"acord-de-confidentialitate-colocviu","status":"publish","type":"page","link":"https:\/\/psihanalitic.ro\/fr\/acord-de-confidentialitate-colocviu\/","title":{"rendered":"Acord de confiden\u021bialitate \u2013 Colocviul \u201eConstruc\u021bia Alterit\u0103\u021bii. Fundamentele vie\u021bii psihice timpurii\u201d"},"content":{"rendered":"<div data-elementor-type=\"wp-page\" data-elementor-id=\"757\" class=\"elementor elementor-757\" data-elementor-post-type=\"page\">\n\t\t\t\t<div class=\"elementor-element elementor-element-5eeb9c2 e-flex e-con-boxed e-con e-parent\" data-id=\"5eeb9c2\" data-element_type=\"container\">\n\t\t\t\t\t<div class=\"e-con-inner\">\n\t\t<div class=\"elementor-element elementor-element-f615308 e-con-full e-flex e-con e-child\" data-id=\"f615308\" data-element_type=\"container\">\n\t\t\t\t<div class=\"elementor-element elementor-element-e061995 elementor-widget elementor-widget-heading\" data-id=\"e061995\" data-element_type=\"widget\" data-widget_type=\"heading.default\">\n\t\t\t\t\t<h2 class=\"elementor-heading-title elementor-size-default\">Accord de confidentialit\u00e9 - Colloque \u00ab La construction de l'alt\u00e9rit\u00e9, les fondements de la vie psychique pr\u00e9coce \u00bb<\/h2>\t\t\t\t<\/div>\n\t\t\t\t<div class=\"elementor-element elementor-element-78417ae elementor-widget elementor-widget-spacer\" data-id=\"78417ae\" data-element_type=\"widget\" data-widget_type=\"spacer.default\">\n\t\t\t\t\t\t\t<div class=\"elementor-spacer\">\n\t\t\t<div class=\"elementor-spacer-inner\"><\/div>\n\t\t<\/div>\n\t\t\t\t\t\t<\/div>\n\t\t\t\t<div class=\"elementor-element elementor-element-70a77c0 elementor-widget elementor-widget-heading\" data-id=\"70a77c0\" data-element_type=\"widget\" data-widget_type=\"heading.default\">\n\t\t\t\t\t<h3 class=\"elementor-heading-title elementor-size-default\">D\u00c9CLARATION concernant la collecte, le traitement et le transfert des donn\u00e9es \u00e0 caract\u00e8re personnel<\/h3>\t\t\t\t<\/div>\n\t\t\t\t<div class=\"elementor-element elementor-element-08ad5d4 elementor-widget elementor-widget-text-editor\" data-id=\"08ad5d4\" data-element_type=\"widget\" data-widget_type=\"text-editor.default\">\n\t\t\t\t\t\t\t\t\t<p style=\"text-align: justify;\">Conform\u00e9ment aux dispositions <strong>des articles 13 et 14 du R\u00e8glement (UE) 2016\/679 du Parlement europ\u00e9en et du Conseil du 27 avril 2016<\/strong> (R\u00e8glement g\u00e9n\u00e9ral sur la protection des donn\u00e9es \u2013 RGPD), il est port\u00e9 \u00e0 la connaissance du public que :<\/p><p style=\"text-align: justify;\"><strong style=\"font-size: 17px;\">Les donn\u00e9es \u00e0 caract\u00e8re personnel<\/strong><span style=\"font-size: 17px;\"> (nom et pr\u00e9nom, adresse de domicile, adresse e-mail, num\u00e9ro de t\u00e9l\u00e9phone) sont collect\u00e9es et trait\u00e9es dans le cadre de la participation au <\/span><strong style=\"font-size: 17px;\">Colloque \u00ab La Construction de l\u2019Alt\u00e9rit\u00e9. Les fondements de la vie psychique pr\u00e9coce \u00bb<\/strong><span style=\"font-size: 17px;\">, organis\u00e9 par <\/span><strong style=\"font-size: 17px;\">L'Association de Psychoth\u00e9rapie Psychanalytique par l\u2019Observation du B\u00e9b\u00e9<\/strong><span style=\"font-size: 17px;\">.<\/span><\/p><p style=\"text-align: justify;\"><strong style=\"font-size: 17px;\">Les destinataires des donn\u00e9es \u00e0 caract\u00e8re personnel<\/strong><span style=\"font-size: 17px;\"> sont :<\/span><\/p><ul><li style=\"text-align: justify;\"><strong style=\"font-size: 17px;\">L'Association de Psychoth\u00e9rapie Psychanalytique par l\u2019Observation du B\u00e9b\u00e9<\/strong><span style=\"font-size: 17px;\">, qui collecte et traite les donn\u00e9es mentionn\u00e9es ci-dessus ;<\/span><\/li><li style=\"text-align: justify;\"><strong style=\"font-size: 17px;\">Le Coll\u00e8ge des Psychologues de Roumanie<\/strong><span style=\"font-size: 17px;\">, \u00e0 qui ces m\u00eames donn\u00e9es peuvent \u00eatre communiqu\u00e9es sur demande, conform\u00e9ment aux dispositions l\u00e9gales.<\/span><\/li><\/ul><p style=\"text-align: justify;\">Les personnes concern\u00e9es b\u00e9n\u00e9ficient du <strong>droit de demander l\u2019acc\u00e8s<\/strong> \u00e0 leurs donn\u00e9es personnelles, ainsi que <strong>la rectification, la suppression ou la limitation de leur traitement<\/strong> , conform\u00e9ment \u00e0 la l\u00e9gislation en vigueur. Elles ont \u00e9galement <strong>le droit d\u2019introduire une r\u00e9clamation<\/strong> aupr\u00e8s de l\u2019autorit\u00e9 de contr\u00f4le comp\u00e9tente si elles estiment que leurs droits n\u2019ont pas \u00e9t\u00e9 respect\u00e9s, ainsi que <strong>le droit \u00e0 la portabilit\u00e9 des donn\u00e9es<\/strong>.<\/p><p style=\"text-align: justify;\"><strong>L'Association de Psychoth\u00e9rapie Psychanalytique par l\u2019Observation du B\u00e9b\u00e9<\/strong> met en \u0153uvre des mesures techniques et organisationnelles appropri\u00e9es afin de garantir <strong>la confidentialit\u00e9, l\u2019int\u00e9grit\u00e9 et la disponibilit\u00e9<\/strong> des donn\u00e9es \u00e0 caract\u00e8re personnel trait\u00e9es, en pr\u00e9venant tout acc\u00e8s non autoris\u00e9 et toute violation de la s\u00e9curit\u00e9 des donn\u00e9es, conform\u00e9ment aux dispositions l\u00e9gales applicables.<\/p><p style=\"text-align: justify;\">Les personnes concern\u00e9es ont <strong>le droit de retirer leur consentement<\/strong> \u00e0 tout moment, sans que cela n\u2019affecte la l\u00e9galit\u00e9 du traitement effectu\u00e9 avant ce retrait.<\/p><p style=\"text-align: justify;\">La fourniture des donn\u00e9es \u00e0 caract\u00e8re personnel constitue <strong>une obligation l\u00e9gale, contractuelle ou n\u00e9cessaire \u00e0 la participation au colloque<\/strong>. Le refus de fournir ces donn\u00e9es peut entra\u00eener <strong>l\u2019impossibilit\u00e9 de b\u00e9n\u00e9ficier des informations destin\u00e9es aux participants.<\/strong>.<\/p>\t\t\t\t\t\t\t\t<\/div>\n\t\t\t\t<div class=\"elementor-element elementor-element-1269c5c elementor-widget elementor-widget-spacer\" data-id=\"1269c5c\" data-element_type=\"widget\" data-widget_type=\"spacer.default\">\n\t\t\t\t\t\t\t<div class=\"elementor-spacer\">\n\t\t\t<div class=\"elementor-spacer-inner\"><\/div>\n\t\t<\/div>\n\t\t\t\t\t\t<\/div>\n\t\t\t\t<div class=\"elementor-element elementor-element-e876248 elementor-widget elementor-widget-heading\" data-id=\"e876248\" data-element_type=\"widget\" data-widget_type=\"heading.default\">\n\t\t\t\t\t<h3 class=\"elementor-heading-title elementor-size-default\">D\u00c9CLARATION DE CONFIDENTIALIT\u00c9<\/h3>\t\t\t\t<\/div>\n\t\t\t\t<div class=\"elementor-element elementor-element-bc5638a elementor-widget elementor-widget-text-editor\" data-id=\"bc5638a\" data-element_type=\"widget\" data-widget_type=\"text-editor.default\">\n\t\t\t\t\t\t\t\t\t<p style=\"text-align: justify;\">La participation au <strong>Colloque \u00ab La Construction de l\u2019Alt\u00e9rit\u00e9. Les fondements de la vie psychique pr\u00e9coce \u00bb<\/strong>, organis\u00e9 par\u00a0<strong>L'Association de Psychoth\u00e9rapie Psychanalytique par l\u2019Observation du B\u00e9b\u00e9<\/strong>\u00a0le\u00a0<strong>2 novembre 2025<\/strong>, implique le respect des principes \u00e9thiques relatifs \u00e0\u00a0<strong>la confidentialit\u00e9 des patients<\/strong>\u00a0en lien avec les documents pr\u00e9sent\u00e9s ou discut\u00e9s dans le cadre du programme.<\/p><p style=\"text-align: justify;\">Les participants ont l\u2019obligation de respecter, en tout temps,\u00a0<strong>la confidentialit\u00e9 des informations concernant les patients<\/strong>\u00a0pr\u00e9sent\u00e9s ou discut\u00e9s pendant les sessions.\u00a0<strong>L\u2019enregistrement, la reproduction ou la diffusion<\/strong>\u00a0de tout mat\u00e9riel \u00e9crit ou audio-visuel contenant des informations sur les patients sont strictement interdits.<\/p><p style=\"text-align: justify;\">Dans le cas o\u00f9 un participant constate\u00a0<strong>qu\u2019il reconna\u00eet le patient<\/strong>\u00a0pr\u00e9sent\u00e9 ou discut\u00e9, ou qu'il a eu\u00a0<strong>des interactions ant\u00e9rieures<\/strong>\u00a0avec celui-ci, il a l\u2019obligation l\u00e9gale de\u00a0<strong>quitter la s\u00e9ance<\/strong>\u00a0et de ne pas participer \u00e0 la pr\u00e9sentation de cas concern\u00e9e.<\/p><p style=\"text-align: justify;\">Toute violation des dispositions relatives \u00e0 la\u00a0<strong>protection des informations confidentielles<\/strong>\u00a0engage la responsabilit\u00e9 de son auteur conform\u00e9ment \u00e0 la loi \u2014\u00a0<strong>civile, administrative ou p\u00e9nale<\/strong>, selon la gravit\u00e9 de l\u2019acte.<\/p>\t\t\t\t\t\t\t\t<\/div>\n\t\t\t\t<div class=\"elementor-element elementor-element-b523952 elementor-widget elementor-widget-spacer\" data-id=\"b523952\" data-element_type=\"widget\" data-widget_type=\"spacer.default\">\n\t\t\t\t\t\t\t<div class=\"elementor-spacer\">\n\t\t\t<div class=\"elementor-spacer-inner\"><\/div>\n\t\t<\/div>\n\t\t\t\t\t\t<\/div>\n\t\t\t\t<\/div>\n\t\t\t\t\t<\/div>\n\t\t\t\t<\/div>\n\t\t<div class=\"elementor-element elementor-element-6cc76bd e-flex e-con-boxed e-con e-parent\" data-id=\"6cc76bd\" data-element_type=\"container\" data-settings=\"{&quot;background_background&quot;:&quot;classic&quot;,&quot;shape_divider_top&quot;:&quot;opacity-tilt&quot;}\">\n\t\t\t\t\t<div class=\"e-con-inner\">\n\t\t\t\t<div class=\"elementor-shape elementor-shape-top\" aria-hidden=\"true\" data-negative=\"false\">\n\t\t\t<svg xmlns=\"http:\/\/www.w3.org\/2000\/svg\" viewbox=\"0 0 2600 131.1\" preserveaspectratio=\"none\">\n\t<path class=\"elementor-shape-fill\" d=\"M0 0L2600 0 2600 69.1 0 0z\"\/>\n\t<path class=\"elementor-shape-fill\" style=\"opacity:0.5\" d=\"M0 0L2600 0 2600 69.1 0 69.1z\"\/>\n\t<path class=\"elementor-shape-fill\" style=\"opacity:0.25\" d=\"M2600 0L0 0 0 130.1 2600 69.1z\"\/>\n<\/svg>\t\t<\/div>\n\t\t\t\t<div class=\"elementor-element elementor-element-b9a3e9c elementor-widget elementor-widget-spacer\" data-id=\"b9a3e9c\" data-element_type=\"widget\" data-widget_type=\"spacer.default\">\n\t\t\t\t\t\t\t<div class=\"elementor-spacer\">\n\t\t\t<div class=\"elementor-spacer-inner\"><\/div>\n\t\t<\/div>\n\t\t\t\t\t\t<\/div>\n\t\t<div class=\"elementor-element elementor-element-116c5a0 e-con-full e-flex e-con e-child\" data-id=\"116c5a0\" data-element_type=\"container\">\n\t\t\t\t<div class=\"elementor-element elementor-element-5ba1080 elementor-widget elementor-widget-text-editor\" data-id=\"5ba1080\" data-element_type=\"widget\" data-widget_type=\"text-editor.default\">\n\t\t\t\t\t\t\t\t\t<p>L'\u00e9v\u00e9nement est organis\u00e9 par :<\/p>\t\t\t\t\t\t\t\t<\/div>\n\t\t\t\t<div class=\"elementor-element elementor-element-12615b5 elementor-widget elementor-widget-text-editor\" data-id=\"12615b5\" data-element_type=\"widget\" data-widget_type=\"text-editor.default\">\n\t\t\t\t\t\t\t\t\t<p>Association de Formation \u00e0 la Psychoth\u00e9rapie<br \/>par l'Observation du B\u00e9b\u00e9<\/p>\t\t\t\t\t\t\t\t<\/div>\n\t\t\t\t<div class=\"elementor-element elementor-element-44ec3d2 elementor-widget elementor-widget-text-editor\" data-id=\"44ec3d2\" data-element_type=\"widget\" data-widget_type=\"text-editor.default\">\n\t\t\t\t\t\t\t\t\t<p>Programme de formation en cours d\u2019accr\u00e9ditation COPSI<\/p>\t\t\t\t\t\t\t\t<\/div>\n\t\t\t\t<div class=\"elementor-element elementor-element-0e5c2ca elementor-widget elementor-widget-text-editor\" data-id=\"0e5c2ca\" data-element_type=\"widget\" data-widget_type=\"text-editor.default\">\n\t\t\t\t\t\t\t\t\t<p><a href=\"https:\/\/psihanalitic.ro\/fr\/acord-de-confidentialitate-colocviu\/\">Accord de confidentialit\u00e9<\/a><\/p>\t\t\t\t\t\t\t\t<\/div>\n\t\t\t\t<\/div>\n\t\t\t\t\t<\/div>\n\t\t\t\t<\/div>\n\t\t\t\t<\/div>","protected":false},"excerpt":{"rendered":"<p>Acord de confiden\u021bialitate &#8211; Colocviul \u201eConstruc\u021bia Alterit\u0103\u021bii. Fundamentele vie\u021bii psihice timpurii\u201d DECLARA\u021aIE privind colectarea, prelucrarea \u0219i transferul datelor cu caracter personal \u00cen conformitate cu dispozi\u021biile art. 13 \u0219i 14 din Regulamentul (UE) 2016\/679 al Parlamentului European \u0219i al Consiliului din 27 aprilie 2016 (Regulamentul general privind protec\u021bia datelor \u2013 GDPR), se aduce la cuno\u0219tin\u021b\u0103 faptul [&hellip;]<\/p>","protected":false},"author":1,"featured_media":0,"parent":0,"menu_order":0,"comment_status":"closed","ping_status":"closed","template":"elementor_header_footer","meta":{"footnotes":""},"class_list":["post-757","page","type-page","status-publish","hentry"],"yoast_head":"<!-- This site is optimized with the Yoast SEO plugin v26.4 - https:\/\/yoast.com\/wordpress\/plugins\/seo\/ -->\n<title>Acord de confiden\u021bialitate \u2013 Colocviul \u201eConstruc\u021bia Alterit\u0103\u021bii. Fundamentele vie\u021bii psihice timpurii\u201d &#8211; Asocia\u021bia de Psihoterapie Psihanalitic\u0103 prin Observarea Bebelu\u0219ului<\/title>\n<meta name=\"robots\" content=\"index, follow, max-snippet:-1, max-image-preview:large, max-video-preview:-1\" \/>\n<link rel=\"canonical\" href=\"https:\/\/psihanalitic.ro\/fr\/acord-de-confidentialitate-colocviu\/\" \/>\n<meta property=\"og:locale\" content=\"fr_FR\" \/>\n<meta property=\"og:type\" content=\"article\" \/>\n<meta property=\"og:title\" content=\"Acord de confiden\u021bialitate \u2013 Colocviul \u201eConstruc\u021bia Alterit\u0103\u021bii. Fundamentele vie\u021bii psihice timpurii\u201d &#8211; Asocia\u021bia de Psihoterapie Psihanalitic\u0103 prin Observarea Bebelu\u0219ului\" \/>\n<meta property=\"og:description\" content=\"Acord de confiden\u021bialitate &#8211; Colocviul \u201eConstruc\u021bia Alterit\u0103\u021bii. Fundamentele vie\u021bii psihice timpurii\u201d DECLARA\u021aIE privind colectarea, prelucrarea \u0219i transferul datelor cu caracter personal \u00cen conformitate cu dispozi\u021biile art. 13 \u0219i 14 din Regulamentul (UE) 2016\/679 al Parlamentului European \u0219i al Consiliului din 27 aprilie 2016 (Regulamentul general privind protec\u021bia datelor \u2013 GDPR), se aduce la cuno\u0219tin\u021b\u0103 faptul [&hellip;]\" \/>\n<meta property=\"og:url\" content=\"https:\/\/psihanalitic.ro\/fr\/acord-de-confidentialitate-colocviu\/\" \/>\n<meta property=\"og:site_name\" content=\"Asocia\u021bia de Psihoterapie Psihanalitic\u0103 prin Observarea Bebelu\u0219ului\" \/>\n<meta property=\"article:publisher\" content=\"https:\/\/www.facebook.com\/profile.php?id=61581928415943\" \/>\n<meta property=\"article:modified_time\" content=\"2025-11-20T21:27:06+00:00\" \/>\n<meta property=\"og:image\" content=\"https:\/\/psihanalitic.ro\/wp-content\/uploads\/2025\/10\/logo-asociatie.png\" \/>\n\t<meta property=\"og:image:width\" content=\"1024\" \/>\n\t<meta property=\"og:image:height\" content=\"1024\" \/>\n\t<meta property=\"og:image:type\" content=\"image\/png\" \/>\n<meta name=\"twitter:card\" content=\"summary_large_image\" \/>\n<meta name=\"twitter:label1\" content=\"Dur\u00e9e de lecture estim\u00e9e\" \/>\n\t<meta name=\"twitter:data1\" content=\"2 minutes\" \/>\n<script type=\"application\/ld+json\" class=\"yoast-schema-graph\">{\"@context\":\"https:\/\/schema.org\",\"@graph\":[{\"@type\":\"WebPage\",\"@id\":\"https:\/\/psihanalitic.ro\/acord-de-confidentialitate-colocviu\/\",\"url\":\"https:\/\/psihanalitic.ro\/acord-de-confidentialitate-colocviu\/\",\"name\":\"Acord de confiden\u021bialitate \u2013 Colocviul \u201eConstruc\u021bia Alterit\u0103\u021bii. Fundamentele vie\u021bii psihice timpurii\u201d &#8211; Asocia\u021bia de Psihoterapie Psihanalitic\u0103 prin Observarea Bebelu\u0219ului\",\"isPartOf\":{\"@id\":\"https:\/\/psihanalitic.ro\/#website\"},\"datePublished\":\"2025-11-20T20:20:33+00:00\",\"dateModified\":\"2025-11-20T21:27:06+00:00\",\"breadcrumb\":{\"@id\":\"https:\/\/psihanalitic.ro\/acord-de-confidentialitate-colocviu\/#breadcrumb\"},\"inLanguage\":\"fr-FR\",\"potentialAction\":[{\"@type\":\"ReadAction\",\"target\":[\"https:\/\/psihanalitic.ro\/acord-de-confidentialitate-colocviu\/\"]}]},{\"@type\":\"BreadcrumbList\",\"@id\":\"https:\/\/psihanalitic.ro\/acord-de-confidentialitate-colocviu\/#breadcrumb\",\"itemListElement\":[{\"@type\":\"ListItem\",\"position\":1,\"name\":\"Home\",\"item\":\"https:\/\/psihanalitic.ro\/\"},{\"@type\":\"ListItem\",\"position\":2,\"name\":\"Acord de confiden\u021bialitate \u2013 Colocviul \u201eConstruc\u021bia Alterit\u0103\u021bii. Fundamentele vie\u021bii psihice timpurii\u201d\"}]},{\"@type\":\"WebSite\",\"@id\":\"https:\/\/psihanalitic.ro\/#website\",\"url\":\"https:\/\/psihanalitic.ro\/\",\"name\":\"Asocia\u021bia de Psihoterapie Psihanalitic\u0103 prin Observarea Bebelu\u0219ului\",\"description\":\"Fundamentul Dezvolt\u0103rii Umane\",\"publisher\":{\"@id\":\"https:\/\/psihanalitic.ro\/#organization\"},\"potentialAction\":[{\"@type\":\"SearchAction\",\"target\":{\"@type\":\"EntryPoint\",\"urlTemplate\":\"https:\/\/psihanalitic.ro\/?s={search_term_string}\"},\"query-input\":{\"@type\":\"PropertyValueSpecification\",\"valueRequired\":true,\"valueName\":\"search_term_string\"}}],\"inLanguage\":\"fr-FR\"},{\"@type\":\"Organization\",\"@id\":\"https:\/\/psihanalitic.ro\/#organization\",\"name\":\"Asocia\u021bia de Psihoterapie Psihanalitic\u0103 prin Observarea Bebelu\u0219ului\",\"url\":\"https:\/\/psihanalitic.ro\/\",\"logo\":{\"@type\":\"ImageObject\",\"inLanguage\":\"fr-FR\",\"@id\":\"https:\/\/psihanalitic.ro\/#\/schema\/logo\/image\/\",\"url\":\"https:\/\/psihanalitic.ro\/wp-content\/uploads\/2025\/10\/logo-asociatie.png\",\"contentUrl\":\"https:\/\/psihanalitic.ro\/wp-content\/uploads\/2025\/10\/logo-asociatie.png\",\"width\":1024,\"height\":1024,\"caption\":\"Asocia\u021bia de Psihoterapie Psihanalitic\u0103 prin Observarea Bebelu\u0219ului\"},\"image\":{\"@id\":\"https:\/\/psihanalitic.ro\/#\/schema\/logo\/image\/\"},\"sameAs\":[\"https:\/\/www.facebook.com\/profile.php?id=61581928415943\"]}]}<\/script>\n<!-- \/ Yoast SEO plugin. -->","yoast_head_json":{"title":"Acord de confiden\u021bialitate \u2013 Colocviul \u201eConstruc\u021bia Alterit\u0103\u021bii. Fundamentele vie\u021bii psihice timpurii\u201d &#8211; Asocia\u021bia de Psihoterapie Psihanalitic\u0103 prin Observarea Bebelu\u0219ului","robots":{"index":"index","follow":"follow","max-snippet":"max-snippet:-1","max-image-preview":"max-image-preview:large","max-video-preview":"max-video-preview:-1"},"canonical":"https:\/\/psihanalitic.ro\/fr\/acord-de-confidentialitate-colocviu\/","og_locale":"fr_FR","og_type":"article","og_title":"Acord de confiden\u021bialitate \u2013 Colocviul \u201eConstruc\u021bia Alterit\u0103\u021bii. Fundamentele vie\u021bii psihice timpurii\u201d &#8211; Asocia\u021bia de Psihoterapie Psihanalitic\u0103 prin Observarea Bebelu\u0219ului","og_description":"Acord de confiden\u021bialitate &#8211; Colocviul \u201eConstruc\u021bia Alterit\u0103\u021bii. Fundamentele vie\u021bii psihice timpurii\u201d DECLARA\u021aIE privind colectarea, prelucrarea \u0219i transferul datelor cu caracter personal \u00cen conformitate cu dispozi\u021biile art. 13 \u0219i 14 din Regulamentul (UE) 2016\/679 al Parlamentului European \u0219i al Consiliului din 27 aprilie 2016 (Regulamentul general privind protec\u021bia datelor \u2013 GDPR), se aduce la cuno\u0219tin\u021b\u0103 faptul [&hellip;]","og_url":"https:\/\/psihanalitic.ro\/fr\/acord-de-confidentialitate-colocviu\/","og_site_name":"Asocia\u021bia de Psihoterapie Psihanalitic\u0103 prin Observarea Bebelu\u0219ului","article_publisher":"https:\/\/www.facebook.com\/profile.php?id=61581928415943","article_modified_time":"2025-11-20T21:27:06+00:00","og_image":[{"width":1024,"height":1024,"url":"https:\/\/psihanalitic.ro\/wp-content\/uploads\/2025\/10\/logo-asociatie.png","type":"image\/png"}],"twitter_card":"summary_large_image","twitter_misc":{"Dur\u00e9e de lecture estim\u00e9e":"2 minutes"},"schema":{"@context":"https:\/\/schema.org","@graph":[{"@type":"WebPage","@id":"https:\/\/psihanalitic.ro\/acord-de-confidentialitate-colocviu\/","url":"https:\/\/psihanalitic.ro\/acord-de-confidentialitate-colocviu\/","name":"Acord de confiden\u021bialitate \u2013 Colocviul \u201eConstruc\u021bia Alterit\u0103\u021bii. Fundamentele vie\u021bii psihice timpurii\u201d &#8211; Asocia\u021bia de Psihoterapie Psihanalitic\u0103 prin Observarea Bebelu\u0219ului","isPartOf":{"@id":"https:\/\/psihanalitic.ro\/#website"},"datePublished":"2025-11-20T20:20:33+00:00","dateModified":"2025-11-20T21:27:06+00:00","breadcrumb":{"@id":"https:\/\/psihanalitic.ro\/acord-de-confidentialitate-colocviu\/#breadcrumb"},"inLanguage":"fr-FR","potentialAction":[{"@type":"ReadAction","target":["https:\/\/psihanalitic.ro\/acord-de-confidentialitate-colocviu\/"]}]},{"@type":"BreadcrumbList","@id":"https:\/\/psihanalitic.ro\/acord-de-confidentialitate-colocviu\/#breadcrumb","itemListElement":[{"@type":"ListItem","position":1,"name":"Home","item":"https:\/\/psihanalitic.ro\/"},{"@type":"ListItem","position":2,"name":"Acord de confiden\u021bialitate \u2013 Colocviul \u201eConstruc\u021bia Alterit\u0103\u021bii. Fundamentele vie\u021bii psihice timpurii\u201d"}]},{"@type":"WebSite","@id":"https:\/\/psihanalitic.ro\/#website","url":"https:\/\/psihanalitic.ro\/","name":"L'Association de Psychoth\u00e9rapie Psychanalytique par l\u2019Observation du B\u00e9b\u00e9","description":"Fundamentul Dezvolt\u0103rii Umane","publisher":{"@id":"https:\/\/psihanalitic.ro\/#organization"},"potentialAction":[{"@type":"SearchAction","target":{"@type":"EntryPoint","urlTemplate":"https:\/\/psihanalitic.ro\/?s={search_term_string}"},"query-input":{"@type":"PropertyValueSpecification","valueRequired":true,"valueName":"search_term_string"}}],"inLanguage":"fr-FR"},{"@type":"Organization","@id":"https:\/\/psihanalitic.ro\/#organization","name":"L'Association de Psychoth\u00e9rapie Psychanalytique par l\u2019Observation du B\u00e9b\u00e9","url":"https:\/\/psihanalitic.ro\/","logo":{"@type":"ImageObject","inLanguage":"fr-FR","@id":"https:\/\/psihanalitic.ro\/#\/schema\/logo\/image\/","url":"https:\/\/psihanalitic.ro\/wp-content\/uploads\/2025\/10\/logo-asociatie.png","contentUrl":"https:\/\/psihanalitic.ro\/wp-content\/uploads\/2025\/10\/logo-asociatie.png","width":1024,"height":1024,"caption":"Asocia\u021bia de Psihoterapie Psihanalitic\u0103 prin Observarea Bebelu\u0219ului"},"image":{"@id":"https:\/\/psihanalitic.ro\/#\/schema\/logo\/image\/"},"sameAs":["https:\/\/www.facebook.com\/profile.php?id=61581928415943"]}]}},"_links":{"self":[{"href":"https:\/\/psihanalitic.ro\/fr\/wp-json\/wp\/v2\/pages\/757","targetHints":{"allow":["GET"]}}],"collection":[{"href":"https:\/\/psihanalitic.ro\/fr\/wp-json\/wp\/v2\/pages"}],"about":[{"href":"https:\/\/psihanalitic.ro\/fr\/wp-json\/wp\/v2\/types\/page"}],"author":[{"embeddable":true,"href":"https:\/\/psihanalitic.ro\/fr\/wp-json\/wp\/v2\/users\/1"}],"replies":[{"embeddable":true,"href":"https:\/\/psihanalitic.ro\/fr\/wp-json\/wp\/v2\/comments?post=757"}],"version-history":[{"count":19,"href":"https:\/\/psihanalitic.ro\/fr\/wp-json\/wp\/v2\/pages\/757\/revisions"}],"predecessor-version":[{"id":780,"href":"https:\/\/psihanalitic.ro\/fr\/wp-json\/wp\/v2\/pages\/757\/revisions\/780"}],"wp:attachment":[{"href":"https:\/\/psihanalitic.ro\/fr\/wp-json\/wp\/v2\/media?parent=757"}],"curies":[{"name":"wp","href":"https:\/\/api.w.org\/{rel}","templated":true}]}}